{"id":10542,"date":"2021-11-03T18:53:51","date_gmt":"2021-11-03T18:53:51","guid":{"rendered":"https:\/\/beta.meyer.ca\/product\/plastic-balance-pan\/"},"modified":"2025-11-12T10:31:49","modified_gmt":"2025-11-12T15:31:49","slug":"plastic-balance-pan","status":"publish","type":"product","link":"https:\/\/www.meyer.ca\/fr\/produit\/plastic-balance-pan\/","title":{"rendered":"PLATEAU DE BALANCE EN PLASTIQUE"},"content":{"rendered":"","protected":false},"excerpt":{"rendered":"<p data-start=\"0\" data-end=\"9\">C004120<\/p>\n<p data-start=\"11\" data-end=\"388\" data-is-last-node=\"\" data-is-only-node=\"\">La plateau de balance en plastique est un composant de support de pr\u00e9cision con\u00e7u pour les analyseurs d\u2019humidit\u00e9 et de mati\u00e8res grasses SMART 5 et SMART Turbo. Elle assure un positionnement stable et pr\u00e9cis du plateau de balance en plastique lors de la pes\u00e9e et de l\u2019analyse des \u00e9chantillons, garantissant des r\u00e9sultats coh\u00e9rents et des performances fiables lors de s\u00e9ries de mesures r\u00e9p\u00e9t\u00e9es.<\/p>\n","protected":false},"featured_media":10545,"template":"","meta":[],"product_cat":[246,301,342],"product_tag":[],"class_list":{"0":"post-10542","1":"product","2":"type-product","3":"status-publish","4":"has-post-thumbnail","6":"product_cat-all-products-fr","7":"product_cat-cem-corp-parts-and-supplies-fr","8":"product_cat-pieces-fournitures","10":"first","11":"instock","12":"taxable","13":"shipping-taxable","14":"purchasable","15":"product-type-simple"},"_links":{"self":[{"href":"https:\/\/www.meyer.ca\/fr\/wp-json\/wp\/v2\/product\/10542","targetHints":{"allow":["GET"]}}],"collection":[{"href":"https:\/\/www.meyer.ca\/fr\/wp-json\/wp\/v2\/product"}],"about":[{"href":"https:\/\/www.meyer.ca\/fr\/wp-json\/wp\/v2\/types\/product"}],"wp:featuredmedia":[{"embeddable":true,"href":"https:\/\/www.meyer.ca\/fr\/wp-json\/wp\/v2\/media\/10545"}],"wp:attachment":[{"href":"https:\/\/www.meyer.ca\/fr\/wp-json\/wp\/v2\/media?parent=10542"}],"wp:term":[{"taxonomy":"product_cat","embeddable":true,"href":"https:\/\/www.meyer.ca\/fr\/wp-json\/wp\/v2\/product_cat?post=10542"},{"taxonomy":"product_tag","embeddable":true,"href":"https:\/\/www.meyer.ca\/fr\/wp-json\/wp\/v2\/product_tag?post=10542"}],"curies":[{"name":"wp","href":"https:\/\/api.w.org\/{rel}","templated":true}]}}