{"id":10608,"date":"2021-05-11T17:56:33","date_gmt":"2021-05-11T17:56:33","guid":{"rendered":"https:\/\/beta.meyer.ca\/product\/kjeldahl-tablet-universal-9-cu-5g-1000-box\/"},"modified":"2025-11-12T11:53:05","modified_gmt":"2025-11-12T16:53:05","slug":"kjeldahl-tablet-universal-9-cu-5g-1000-box","status":"publish","type":"product","link":"https:\/\/www.meyer.ca\/fr\/produit\/kjeldahl-tablet-universal-9-cu-5g-1000-box\/","title":{"rendered":"COMPRIM\u00c9S KJELDAHL"},"content":{"rendered":"","protected":false},"excerpt":{"rendered":"<p>Les comprim\u00e9s Kjeldahl sont des tablettes catalyseurs sp\u00e9cialement formul\u00e9es pour le processus de digestion Kjeldahl, afin d\u2019acc\u00e9l\u00e9rer la d\u00e9composition des mati\u00e8res organiques lors de l\u2019analyse de l\u2019azote et des prot\u00e9ines. Ces comprim\u00e9s garantissent des performances de digestion constantes, r\u00e9duisent le temps de digestion et am\u00e9liorent la pr\u00e9cision des r\u00e9sultats.<\/p>\n","protected":false},"featured_media":10603,"template":"","meta":[],"product_cat":[246,303,342],"product_tag":[],"class_list":{"0":"post-10608","1":"product","2":"type-product","3":"status-publish","4":"has-post-thumbnail","6":"product_cat-all-products-fr","7":"product_cat-opsis-liquidline-parts-and-supplies-fr","8":"product_cat-pieces-fournitures","10":"first","11":"instock","12":"taxable","13":"shipping-taxable","14":"purchasable","15":"product-type-variable"},"_links":{"self":[{"href":"https:\/\/www.meyer.ca\/fr\/wp-json\/wp\/v2\/product\/10608","targetHints":{"allow":["GET"]}}],"collection":[{"href":"https:\/\/www.meyer.ca\/fr\/wp-json\/wp\/v2\/product"}],"about":[{"href":"https:\/\/www.meyer.ca\/fr\/wp-json\/wp\/v2\/types\/product"}],"wp:featuredmedia":[{"embeddable":true,"href":"https:\/\/www.meyer.ca\/fr\/wp-json\/wp\/v2\/media\/10603"}],"wp:attachment":[{"href":"https:\/\/www.meyer.ca\/fr\/wp-json\/wp\/v2\/media?parent=10608"}],"wp:term":[{"taxonomy":"product_cat","embeddable":true,"href":"https:\/\/www.meyer.ca\/fr\/wp-json\/wp\/v2\/product_cat?post=10608"},{"taxonomy":"product_tag","embeddable":true,"href":"https:\/\/www.meyer.ca\/fr\/wp-json\/wp\/v2\/product_tag?post=10608"}],"curies":[{"name":"wp","href":"https:\/\/api.w.org\/{rel}","templated":true}]}}