{"id":12102,"date":"2023-08-17T14:49:06","date_gmt":"2023-08-17T19:49:06","guid":{"rendered":"https:\/\/beta.meyer.ca\/product\/ensemble-regulateur-n2-h2-et-o2-ox-tran\/"},"modified":"2023-09-22T11:05:37","modified_gmt":"2023-09-22T16:05:37","slug":"ensemble-regulateur-n2-h2-et-o2-ox-tran","status":"publish","type":"product","link":"https:\/\/www.meyer.ca\/fr\/produit\/ensemble-regulateur-n2-h2-et-o2-ox-tran\/","title":{"rendered":"JEU DE D\u00c9TENDEUR N2\/H2 et O2, OX-TRAN"},"content":{"rendered":"<p><br data-mce-bogus=\"1\"><\/p>\n","protected":false},"excerpt":{"rendered":"<p>Jeu de d\u00e9tendeur Ox-Tran 2\/40- Comprend deux r\u00e9gulateurs de pr\u00e9cision \u00e0 membrane en acier inoxydable&nbsp; pour le gaz vecteur et l&rsquo;oxyg\u00e8ne, avec tous les raccords n\u00e9cessaires pour effectuer des ajustements de pression pr\u00e9cis.<\/p>\n","protected":false},"featured_media":11371,"template":"","meta":[],"product_cat":[246,346,342],"product_tag":[],"class_list":{"0":"post-12102","1":"product","2":"type-product","3":"status-publish","4":"has-post-thumbnail","6":"product_cat-all-products-fr","7":"product_cat-mocon-otr-fr","8":"product_cat-pieces-fournitures","10":"first","11":"instock","12":"taxable","13":"shipping-taxable","14":"purchasable","15":"product-type-simple"},"_links":{"self":[{"href":"https:\/\/www.meyer.ca\/fr\/wp-json\/wp\/v2\/product\/12102","targetHints":{"allow":["GET"]}}],"collection":[{"href":"https:\/\/www.meyer.ca\/fr\/wp-json\/wp\/v2\/product"}],"about":[{"href":"https:\/\/www.meyer.ca\/fr\/wp-json\/wp\/v2\/types\/product"}],"wp:featuredmedia":[{"embeddable":true,"href":"https:\/\/www.meyer.ca\/fr\/wp-json\/wp\/v2\/media\/11371"}],"wp:attachment":[{"href":"https:\/\/www.meyer.ca\/fr\/wp-json\/wp\/v2\/media?parent=12102"}],"wp:term":[{"taxonomy":"product_cat","embeddable":true,"href":"https:\/\/www.meyer.ca\/fr\/wp-json\/wp\/v2\/product_cat?post=12102"},{"taxonomy":"product_tag","embeddable":true,"href":"https:\/\/www.meyer.ca\/fr\/wp-json\/wp\/v2\/product_tag?post=12102"}],"curies":[{"name":"wp","href":"https:\/\/api.w.org\/{rel}","templated":true}]}}